{"id":37,"date":"2026-01-07T14:39:19","date_gmt":"2026-01-07T14:39:19","guid":{"rendered":"https:\/\/woelantis.dpsg-bamberg.de\/?page_id=37"},"modified":"2026-04-07T23:02:44","modified_gmt":"2026-04-07T23:02:44","slug":"kontakt","status":"publish","type":"page","link":"https:\/\/woelantis.dpsg-bamberg.de\/?page_id=37","title":{"rendered":"Kontakt"},"content":{"rendered":"\n<p>Wenn ihr die <strong>Lagerleitung <\/strong>kontaktieren wollt, bitten wir euch, den Kontakt per E-Mail aufzunehmen.<\/p>\n\n\n\n<ul class=\"wp-block-list\">\n<li>mia Kondzielewicz \u2013 Inhalt<\/li>\n\n\n\n<li>Philipp Haag \u2013 Orga<\/li>\n\n\n\n<li>Joanna Steiner \u2013 Kommunikation und alles, was nicht Inhalt oder Orga betrifft<\/li>\n<\/ul>\n\n\n\n<p>E-Mail-Adresse: <a href=\"mailto:lagerleitung-woelantis@dpsg-bamberg.de\">lagerleitung-woelantis@dpsg-bamberg.de<\/a><\/p>\n\n\n\n<p class=\"has-text-align-center\">\ud83d\udc1f<\/p>\n\n\n\n<p>F\u00fcr das <strong>Helfendenmanagement <\/strong>kontaktiert bitte Paul unter <a href=\"mailto:helfende-woelantis@dpsg-bamberg.de\">helfende-woelantis@dpsg-bamberg.de<\/a>.<\/p>\n\n\n\n<p>F\u00fcr den <strong>Inhalt <\/strong>kontaktiert bitte mia und M\u00fclli unter <a href=\"mailto:inhalt-woelantis@dpsg-bamberg.de\">inhalt-woelantis@dpsg-bamberg.de<\/a>.<\/p>\n\n\n\n<p>F\u00fcr die <strong>Orga <\/strong>kontaktiert bitte Philipp und Tobi unter <a href=\"mailto:orga-woelantis@dpsg-bamberg.de\">orga-woelantis@dpsg-bamberg.de<\/a>.<\/p>\n\n\n<div class=\"wp-block-image\">\n<figure class=\"aligncenter size-full\"><img decoding=\"async\" src=\"https:\/\/woelantis.dpsg-bamberg.de\/wp-content\/uploads\/2026\/01\/page_footer3.png\" alt=\"\" class=\"wp-image-109\"\/><\/figure>\n<\/div>","protected":false},"excerpt":{"rendered":"<p>Wenn ihr die Lagerleitung kontaktieren wollt, bitten wir euch, den Kontakt per E-Mail aufzunehmen. E-Mail-Adresse: lagerleitung-woelantis@dpsg-bamberg.de \ud83d\udc1f F\u00fcr das Helfendenmanagement kontaktiert bitte Paul unter helfende-woelantis@dpsg-bamberg.de. F\u00fcr den Inhalt kontaktiert bitte mia und M\u00fclli unter inhalt-woelantis@dpsg-bamberg.de. F\u00fcr die Orga kontaktiert bitte Philipp und Tobi unter orga-woelantis@dpsg-bamberg.de.<\/p>\n","protected":false},"author":4,"featured_media":0,"parent":0,"menu_order":0,"comment_status":"closed","ping_status":"closed","template":"","meta":{"footnotes":""},"class_list":["post-37","page","type-page","status-publish","hentry"],"yoast_head":"<!-- This site is optimized with the Yoast SEO plugin v26.2 - https:\/\/yoast.com\/wordpress\/plugins\/seo\/ -->\n<title>Kontakt - W\u00f6lantis<\/title>\n<meta name=\"robots\" content=\"index, follow, max-snippet:-1, max-image-preview:large, max-video-preview:-1\" \/>\n<link rel=\"canonical\" href=\"https:\/\/woelantis.dpsg-bamberg.de\/?page_id=37\" \/>\n<meta property=\"og:locale\" content=\"de_DE\" \/>\n<meta property=\"og:type\" content=\"article\" \/>\n<meta property=\"og:title\" content=\"Kontakt - W\u00f6lantis\" \/>\n<meta property=\"og:description\" content=\"Wenn ihr die Lagerleitung kontaktieren wollt, bitten wir euch, den Kontakt per E-Mail aufzunehmen. E-Mail-Adresse: lagerleitung-woelantis@dpsg-bamberg.de \ud83d\udc1f F\u00fcr das Helfendenmanagement kontaktiert bitte Paul unter helfende-woelantis@dpsg-bamberg.de. F\u00fcr den Inhalt kontaktiert bitte mia und M\u00fclli unter inhalt-woelantis@dpsg-bamberg.de. F\u00fcr die Orga kontaktiert bitte Philipp und Tobi unter orga-woelantis@dpsg-bamberg.de.\" \/>\n<meta property=\"og:url\" content=\"https:\/\/woelantis.dpsg-bamberg.de\/?page_id=37\" \/>\n<meta property=\"og:site_name\" content=\"W\u00f6lantis\" \/>\n<meta property=\"article:modified_time\" content=\"2026-04-07T23:02:44+00:00\" \/>\n<meta name=\"twitter:card\" content=\"summary_large_image\" \/>\n<meta name=\"twitter:label1\" content=\"Gesch\u00e4tzte Lesezeit\" \/>\n\t<meta name=\"twitter:data1\" content=\"1\u00a0Minute\" \/>\n<script type=\"application\/ld+json\" class=\"yoast-schema-graph\">{\"@context\":\"https:\/\/schema.org\",\"@graph\":[{\"@type\":\"WebPage\",\"@id\":\"https:\/\/woelantis.dpsg-bamberg.de\/?page_id=37\",\"url\":\"https:\/\/woelantis.dpsg-bamberg.de\/?page_id=37\",\"name\":\"Kontakt - W\u00f6lantis\",\"isPartOf\":{\"@id\":\"https:\/\/woelantis.dpsg-bamberg.de\/#website\"},\"primaryImageOfPage\":{\"@id\":\"https:\/\/woelantis.dpsg-bamberg.de\/?page_id=37#primaryimage\"},\"image\":{\"@id\":\"https:\/\/woelantis.dpsg-bamberg.de\/?page_id=37#primaryimage\"},\"thumbnailUrl\":\"https:\/\/woelantis.dpsg-bamberg.de\/wp-content\/uploads\/2026\/01\/page_footer3.png\",\"datePublished\":\"2026-01-07T14:39:19+00:00\",\"dateModified\":\"2026-04-07T23:02:44+00:00\",\"breadcrumb\":{\"@id\":\"https:\/\/woelantis.dpsg-bamberg.de\/?page_id=37#breadcrumb\"},\"inLanguage\":\"de\",\"potentialAction\":[{\"@type\":\"ReadAction\",\"target\":[\"https:\/\/woelantis.dpsg-bamberg.de\/?page_id=37\"]}]},{\"@type\":\"ImageObject\",\"inLanguage\":\"de\",\"@id\":\"https:\/\/woelantis.dpsg-bamberg.de\/?page_id=37#primaryimage\",\"url\":\"\",\"contentUrl\":\"\"},{\"@type\":\"BreadcrumbList\",\"@id\":\"https:\/\/woelantis.dpsg-bamberg.de\/?page_id=37#breadcrumb\",\"itemListElement\":[{\"@type\":\"ListItem\",\"position\":1,\"name\":\"Startseite\",\"item\":\"https:\/\/woelantis.dpsg-bamberg.de\/\"},{\"@type\":\"ListItem\",\"position\":2,\"name\":\"Kontakt\"}]},{\"@type\":\"WebSite\",\"@id\":\"https:\/\/woelantis.dpsg-bamberg.de\/#website\",\"url\":\"https:\/\/woelantis.dpsg-bamberg.de\/\",\"name\":\"W\u00f6lantis\",\"description\":\"W\u00f6 ist das?\",\"potentialAction\":[{\"@type\":\"SearchAction\",\"target\":{\"@type\":\"EntryPoint\",\"urlTemplate\":\"https:\/\/woelantis.dpsg-bamberg.de\/?s={search_term_string}\"},\"query-input\":{\"@type\":\"PropertyValueSpecification\",\"valueRequired\":true,\"valueName\":\"search_term_string\"}}],\"inLanguage\":\"de\"}]}<\/script>\n<!-- \/ Yoast SEO plugin. -->","yoast_head_json":{"title":"Kontakt - W\u00f6lantis","robots":{"index":"index","follow":"follow","max-snippet":"max-snippet:-1","max-image-preview":"max-image-preview:large","max-video-preview":"max-video-preview:-1"},"canonical":"https:\/\/woelantis.dpsg-bamberg.de\/?page_id=37","og_locale":"de_DE","og_type":"article","og_title":"Kontakt - W\u00f6lantis","og_description":"Wenn ihr die Lagerleitung kontaktieren wollt, bitten wir euch, den Kontakt per E-Mail aufzunehmen. E-Mail-Adresse: lagerleitung-woelantis@dpsg-bamberg.de \ud83d\udc1f F\u00fcr das Helfendenmanagement kontaktiert bitte Paul unter helfende-woelantis@dpsg-bamberg.de. F\u00fcr den Inhalt kontaktiert bitte mia und M\u00fclli unter inhalt-woelantis@dpsg-bamberg.de. F\u00fcr die Orga kontaktiert bitte Philipp und Tobi unter orga-woelantis@dpsg-bamberg.de.","og_url":"https:\/\/woelantis.dpsg-bamberg.de\/?page_id=37","og_site_name":"W\u00f6lantis","article_modified_time":"2026-04-07T23:02:44+00:00","twitter_card":"summary_large_image","twitter_misc":{"Gesch\u00e4tzte Lesezeit":"1\u00a0Minute"},"schema":{"@context":"https:\/\/schema.org","@graph":[{"@type":"WebPage","@id":"https:\/\/woelantis.dpsg-bamberg.de\/?page_id=37","url":"https:\/\/woelantis.dpsg-bamberg.de\/?page_id=37","name":"Kontakt - W\u00f6lantis","isPartOf":{"@id":"https:\/\/woelantis.dpsg-bamberg.de\/#website"},"primaryImageOfPage":{"@id":"https:\/\/woelantis.dpsg-bamberg.de\/?page_id=37#primaryimage"},"image":{"@id":"https:\/\/woelantis.dpsg-bamberg.de\/?page_id=37#primaryimage"},"thumbnailUrl":"https:\/\/woelantis.dpsg-bamberg.de\/wp-content\/uploads\/2026\/01\/page_footer3.png","datePublished":"2026-01-07T14:39:19+00:00","dateModified":"2026-04-07T23:02:44+00:00","breadcrumb":{"@id":"https:\/\/woelantis.dpsg-bamberg.de\/?page_id=37#breadcrumb"},"inLanguage":"de","potentialAction":[{"@type":"ReadAction","target":["https:\/\/woelantis.dpsg-bamberg.de\/?page_id=37"]}]},{"@type":"ImageObject","inLanguage":"de","@id":"https:\/\/woelantis.dpsg-bamberg.de\/?page_id=37#primaryimage","url":"","contentUrl":""},{"@type":"BreadcrumbList","@id":"https:\/\/woelantis.dpsg-bamberg.de\/?page_id=37#breadcrumb","itemListElement":[{"@type":"ListItem","position":1,"name":"Startseite","item":"https:\/\/woelantis.dpsg-bamberg.de\/"},{"@type":"ListItem","position":2,"name":"Kontakt"}]},{"@type":"WebSite","@id":"https:\/\/woelantis.dpsg-bamberg.de\/#website","url":"https:\/\/woelantis.dpsg-bamberg.de\/","name":"W\u00f6lantis","description":"W\u00f6 ist das?","potentialAction":[{"@type":"SearchAction","target":{"@type":"EntryPoint","urlTemplate":"https:\/\/woelantis.dpsg-bamberg.de\/?s={search_term_string}"},"query-input":{"@type":"PropertyValueSpecification","valueRequired":true,"valueName":"search_term_string"}}],"inLanguage":"de"}]}},"_links":{"self":[{"href":"https:\/\/woelantis.dpsg-bamberg.de\/index.php?rest_route=\/wp\/v2\/pages\/37","targetHints":{"allow":["GET"]}}],"collection":[{"href":"https:\/\/woelantis.dpsg-bamberg.de\/index.php?rest_route=\/wp\/v2\/pages"}],"about":[{"href":"https:\/\/woelantis.dpsg-bamberg.de\/index.php?rest_route=\/wp\/v2\/types\/page"}],"author":[{"embeddable":true,"href":"https:\/\/woelantis.dpsg-bamberg.de\/index.php?rest_route=\/wp\/v2\/users\/4"}],"replies":[{"embeddable":true,"href":"https:\/\/woelantis.dpsg-bamberg.de\/index.php?rest_route=%2Fwp%2Fv2%2Fcomments&post=37"}],"version-history":[{"count":9,"href":"https:\/\/woelantis.dpsg-bamberg.de\/index.php?rest_route=\/wp\/v2\/pages\/37\/revisions"}],"predecessor-version":[{"id":254,"href":"https:\/\/woelantis.dpsg-bamberg.de\/index.php?rest_route=\/wp\/v2\/pages\/37\/revisions\/254"}],"wp:attachment":[{"href":"https:\/\/woelantis.dpsg-bamberg.de\/index.php?rest_route=%2Fwp%2Fv2%2Fmedia&parent=37"}],"curies":[{"name":"wp","href":"https:\/\/api.w.org\/{rel}","templated":true}]}}